{"id":40,"date":"2025-07-19T19:28:11","date_gmt":"2025-07-19T19:28:11","guid":{"rendered":"http:\/\/kokes71.com\/?page_id=40"},"modified":"2025-08-31T19:10:41","modified_gmt":"2025-08-31T19:10:41","slug":"coaching","status":"publish","type":"page","link":"http:\/\/kokes71.com\/index.php\/coaching\/","title":{"rendered":"Coaching"},"content":{"rendered":"\n<p class=\"has-cyan-bluish-gray-color has-text-color has-link-color has-medium-font-size wp-elements-89c9165582a39c673e7a8365e763a189\">Des cours Particuliers sur Mesure avec un moniteur dipl\u00f4m\u00e9 est le meilleur moyen de progresser \u00e0 moto.<\/p>\n\n\n\n<p class=\"has-cyan-bluish-gray-color has-text-color has-link-color wp-elements-612d013bddef7757bb5dc4aa4a960451\">Am\u00e9liorez efficacement votre pilotage sur circuit.<\/p>\n\n\n\n<ul class=\"wp-block-list\">\n<li class=\"has-cyan-bluish-gray-color has-text-color has-link-color wp-elements-30a9a69691df690bda43f6e3686fb67f\"><strong>LA MEILLEURE<\/strong>&nbsp;fa\u00e7on d\u2019am\u00e9liorer son pilotage moto.<\/li>\n\n\n\n<li class=\"has-cyan-bluish-gray-color has-text-color has-link-color wp-elements-5e200c6677ccda6c6ab7a1b6a2f8905c\">Un Moniteur Dipl\u00f4m\u00e9 s\u2019occupe uniquement de vous.<\/li>\n\n\n\n<li class=\"has-cyan-bluish-gray-color has-text-color has-link-color wp-elements-7de9f6a115b788d69a676f5860fcc781\">Un programme sur mesure, pour d\u00e9butant, interm\u00e9diaire ou confirm\u00e9.<\/li>\n\n\n\n<li class=\"has-cyan-bluish-gray-color has-text-color has-link-color wp-elements-9389053a57821ab9774e4a84c038d01e\">Des outils p\u00e9dagogiques excellents (Vid\u00e9o, Audio, Bilan, Briefing, D\u00e9briefing)<\/li>\n<\/ul>\n\n\n\n<p class=\"has-pale-cyan-blue-color has-text-color has-link-color wp-elements-383909fddafe3e56e2eb6985d23d03d3\">Je vous attends, inscrivez vous sur CL-racing.com<\/p>\n\n\n\n<p><\/p>\n\n\n\n<p><\/p>\n","protected":false},"excerpt":{"rendered":"<p>Des cours Particuliers sur Mesure avec un moniteur dipl\u00f4m\u00e9 est le meilleur moyen&hellip;<\/p>\n","protected":false},"author":1,"featured_media":61,"parent":0,"menu_order":0,"comment_status":"closed","ping_status":"closed","template":"","meta":{"footnotes":""},"class_list":["post-40","page","type-page","status-publish","has-post-thumbnail","hentry"],"_links":{"self":[{"href":"http:\/\/kokes71.com\/index.php\/wp-json\/wp\/v2\/pages\/40","targetHints":{"allow":["GET"]}}],"collection":[{"href":"http:\/\/kokes71.com\/index.php\/wp-json\/wp\/v2\/pages"}],"about":[{"href":"http:\/\/kokes71.com\/index.php\/wp-json\/wp\/v2\/types\/page"}],"author":[{"embeddable":true,"href":"http:\/\/kokes71.com\/index.php\/wp-json\/wp\/v2\/users\/1"}],"replies":[{"embeddable":true,"href":"http:\/\/kokes71.com\/index.php\/wp-json\/wp\/v2\/comments?post=40"}],"version-history":[{"count":5,"href":"http:\/\/kokes71.com\/index.php\/wp-json\/wp\/v2\/pages\/40\/revisions"}],"predecessor-version":[{"id":123,"href":"http:\/\/kokes71.com\/index.php\/wp-json\/wp\/v2\/pages\/40\/revisions\/123"}],"wp:featuredmedia":[{"embeddable":true,"href":"http:\/\/kokes71.com\/index.php\/wp-json\/wp\/v2\/media\/61"}],"wp:attachment":[{"href":"http:\/\/kokes71.com\/index.php\/wp-json\/wp\/v2\/media?parent=40"}],"curies":[{"name":"wp","href":"https:\/\/api.w.org\/{rel}","templated":true}]}}