{"id":2,"date":"2025-07-19T09:42:49","date_gmt":"2025-07-19T09:42:49","guid":{"rendered":"http:\/\/kokes71.com\/?page_id=2"},"modified":"2025-08-31T19:09:09","modified_gmt":"2025-08-31T19:09:09","slug":"sample-page","status":"publish","type":"page","link":"http:\/\/kokes71.com\/index.php\/sample-page\/","title":{"rendered":"Bapt\u00eame"},"content":{"rendered":"\n<p class=\"has-cyan-bluish-gray-color has-text-color has-link-color wp-elements-336f61c9528ec9f7bc090017c3f5a202\">Vous r\u00eavez de connaitre les sensations de la piste \u00e0 Moto derri\u00e8re un&nbsp;pilote dipl\u00f4m\u00e9&nbsp;?<\/p>\n\n\n\n<p class=\"has-cyan-bluish-gray-color has-text-color has-link-color wp-elements-04dcc0a322b8a5236b449d9d5cdfd887\">St\u00e9phane Kokes, ancien Pilote de Superbike et Championnat du Monde d&rsquo;Endurance, s&rsquo;adaptera \u00e0 vos attentes !<\/p>\n\n\n\n<p class=\"has-cyan-bluish-gray-color has-text-color has-link-color wp-elements-7a219e6510c4cde94f9ba0f6744ed785\">N&rsquo;h\u00e9sitez plus !<\/p>\n\n\n\n<p class=\"has-cyan-bluish-gray-color has-text-color has-link-color wp-elements-ad97056ab4ba63f7a720a48a64e1798d\">Vous vivrez un moment unique sur une YAMAHA R1 de Superbike pendant 4 tours de circuit.<\/p>\n\n\n\n<p class=\"has-cyan-bluish-gray-color has-text-color has-link-color wp-elements-8e7cc29387a1b5dcbfffa754137a1aac\">Plus d&rsquo;infos et r\u00e9servation :<\/p>\n\n\n\n<p class=\"has-cyan-bluish-gray-color has-text-color has-link-color wp-elements-4bba60f48c24b89b3770088b854d2c3a\"><a href=\"https:\/\/www.cl-racing.com\/bapteme-moto-sur-circuit\/430-4910-bapteme-moto-vaison-piste-3000120756150.html#\/379-equipement-je_n_ai_pas_besoin_d_equipement\/400-option_go_pro-avec_video_souvenir\">https:\/\/www.cl-racing.com\/bapteme-moto-sur-circuit\/<\/a><\/p>\n\n\n\n<p class=\"has-cyan-bluish-gray-color has-text-color has-link-color wp-elements-6c5da5ad5c0c7d23114e2fd94063cc6c\"><\/p>\n","protected":false},"excerpt":{"rendered":"<p>Vous r\u00eavez de connaitre les sensations de la piste \u00e0 Moto derri\u00e8re un&nbsp;pilote&hellip;<\/p>\n","protected":false},"author":1,"featured_media":49,"parent":0,"menu_order":0,"comment_status":"closed","ping_status":"open","template":"","meta":{"footnotes":""},"class_list":["post-2","page","type-page","status-publish","has-post-thumbnail","hentry"],"_links":{"self":[{"href":"http:\/\/kokes71.com\/index.php\/wp-json\/wp\/v2\/pages\/2","targetHints":{"allow":["GET"]}}],"collection":[{"href":"http:\/\/kokes71.com\/index.php\/wp-json\/wp\/v2\/pages"}],"about":[{"href":"http:\/\/kokes71.com\/index.php\/wp-json\/wp\/v2\/types\/page"}],"author":[{"embeddable":true,"href":"http:\/\/kokes71.com\/index.php\/wp-json\/wp\/v2\/users\/1"}],"replies":[{"embeddable":true,"href":"http:\/\/kokes71.com\/index.php\/wp-json\/wp\/v2\/comments?post=2"}],"version-history":[{"count":8,"href":"http:\/\/kokes71.com\/index.php\/wp-json\/wp\/v2\/pages\/2\/revisions"}],"predecessor-version":[{"id":120,"href":"http:\/\/kokes71.com\/index.php\/wp-json\/wp\/v2\/pages\/2\/revisions\/120"}],"wp:featuredmedia":[{"embeddable":true,"href":"http:\/\/kokes71.com\/index.php\/wp-json\/wp\/v2\/media\/49"}],"wp:attachment":[{"href":"http:\/\/kokes71.com\/index.php\/wp-json\/wp\/v2\/media?parent=2"}],"curies":[{"name":"wp","href":"https:\/\/api.w.org\/{rel}","templated":true}]}}